{"id":837,"date":"2025-01-24T15:17:18","date_gmt":"2025-01-24T18:17:18","guid":{"rendered":"https:\/\/linkviagensculturais.com.br\/?page_id=837"},"modified":"2025-02-17T16:28:56","modified_gmt":"2025-02-17T19:28:56","slug":"sobre","status":"publish","type":"page","link":"https:\/\/linkviagensculturais.com.br\/en\/sobre\/","title":{"rendered":"Sobre"},"content":{"rendered":"<div data-elementor-type=\"wp-page\" data-elementor-id=\"837\" class=\"elementor elementor-837\" data-elementor-post-type=\"page\">\n\t\t\t\t<div class=\"elementor-element elementor-element-683c8ac e-flex e-con-boxed e-con e-parent\" data-id=\"683c8ac\" data-element_type=\"container\" data-e-type=\"container\" data-settings=\"{&quot;background_background&quot;:&quot;classic&quot;,&quot;shape_divider_bottom&quot;:&quot;curve&quot;}\">\n\t\t\t\t\t<div class=\"e-con-inner\">\n\t\t\t\t<div class=\"elementor-shape elementor-shape-bottom\" aria-hidden=\"true\" data-negative=\"false\">\n\t\t\t<svg xmlns=\"http:\/\/www.w3.org\/2000\/svg\" viewbox=\"0 0 1000 100\" preserveaspectratio=\"none\">\n    <path class=\"elementor-shape-fill\" d=\"M1000,4.3V0H0v4.3C0.9,23.1,126.7,99.2,500,100S1000,22.7,1000,4.3z\"\/>\n<\/svg>\t\t<\/div>\n\t\t\t\t<div class=\"elementor-element elementor-element-cab3d21 elementor-widget__width-initial elementor-widget elementor-widget-image\" data-id=\"cab3d21\" data-element_type=\"widget\" data-e-type=\"widget\" data-widget_type=\"image.default\">\n\t\t\t\t<div class=\"elementor-widget-container\">\n\t\t\t\t\t\t\t\t\t\t\t\t\t\t\t<img fetchpriority=\"high\" decoding=\"async\" width=\"800\" height=\"715\" src=\"https:\/\/linkviagensculturais.com.br\/wp-content\/uploads\/2025\/02\/servicos1-eng.png\" class=\"attachment-large size-large wp-image-871\" alt=\"\" srcset=\"https:\/\/linkviagensculturais.com.br\/wp-content\/uploads\/2025\/02\/servicos1-eng.png 799w, https:\/\/linkviagensculturais.com.br\/wp-content\/uploads\/2025\/02\/servicos1-eng-300x268.png 300w, https:\/\/linkviagensculturais.com.br\/wp-content\/uploads\/2025\/02\/servicos1-eng-768x686.png 768w, https:\/\/linkviagensculturais.com.br\/wp-content\/uploads\/2025\/02\/servicos1-eng-13x12.png 13w\" sizes=\"(max-width: 800px) 100vw, 800px\" \/>\t\t\t\t\t\t\t\t\t\t\t\t\t\t\t<\/div>\n\t\t\t\t<\/div>\n\t\t\t\t\t<\/div>\n\t\t\t\t<\/div>\n\t\t<div class=\"elementor-element elementor-element-f221ba2 e-flex e-con-boxed e-con e-parent\" data-id=\"f221ba2\" data-element_type=\"container\" data-e-type=\"container\" data-settings=\"{&quot;background_background&quot;:&quot;classic&quot;}\">\n\t\t\t\t\t<div class=\"e-con-inner\">\n\t\t<div class=\"elementor-element elementor-element-3157078 e-con-full e-flex e-con e-child\" data-id=\"3157078\" data-element_type=\"container\" data-e-type=\"container\">\n\t\t\t\t<div class=\"elementor-element elementor-element-4618f37 elementor-widget elementor-widget-heading\" data-id=\"4618f37\" data-element_type=\"widget\" data-e-type=\"widget\" data-widget_type=\"heading.default\">\n\t\t\t\t<div class=\"elementor-widget-container\">\n\t\t\t\t\t<h2 class=\"elementor-heading-title elementor-size-default\">Link Viagens Culturais:<br>A Boutique Agency with an Educational Essence<\/h2>\t\t\t\t<\/div>\n\t\t\t\t<\/div>\n\t\t\t\t<\/div>\n\t\t\t\t\t<\/div>\n\t\t\t\t<\/div>\n\t\t<div class=\"elementor-element elementor-element-cd2650e e-flex e-con-boxed e-con e-parent\" data-id=\"cd2650e\" data-element_type=\"container\" data-e-type=\"container\" data-settings=\"{&quot;background_background&quot;:&quot;classic&quot;}\">\n\t\t\t\t\t<div class=\"e-con-inner\">\n\t\t<div class=\"elementor-element elementor-element-d66ddbb e-con-full e-flex e-con e-child\" data-id=\"d66ddbb\" data-element_type=\"container\" data-e-type=\"container\">\n\t\t\t\t<div class=\"elementor-element elementor-element-06ab7c1 elementor-widget elementor-widget-text-editor\" data-id=\"06ab7c1\" data-element_type=\"widget\" data-e-type=\"widget\" data-widget_type=\"text-editor.default\">\n\t\t\t\t<div class=\"elementor-widget-container\">\n\t\t\t\t\t\t\t\t\t<p style=\"font-weight: 400;\">Founded in 1987 by Maria Helena Senna, an educator and English teacher, Link Viagens Culturais was born with the mission of providing transformative experiences through cultural exchange. What began as accompanied groups studying English in England has evolved into a boutique agency specializing in high-quality programs around the world.<\/p>\t\t\t\t\t\t\t\t<\/div>\n\t\t\t\t<\/div>\n\t\t\t\t<\/div>\n\t\t\t\t\t<\/div>\n\t\t\t\t<\/div>\n\t\t<div class=\"elementor-element elementor-element-389353a e-flex e-con-boxed e-con e-parent\" data-id=\"389353a\" data-element_type=\"container\" data-e-type=\"container\" data-settings=\"{&quot;background_background&quot;:&quot;classic&quot;}\">\n\t\t\t\t\t<div class=\"e-con-inner\">\n\t\t\t\t<div class=\"elementor-element elementor-element-b39dc63 elementor-widget elementor-widget-text-editor\" data-id=\"b39dc63\" data-element_type=\"widget\" data-e-type=\"widget\" data-widget_type=\"text-editor.default\">\n\t\t\t\t<div class=\"elementor-widget-container\">\n\t\t\t\t\t\t\t\t\t<p style=\"font-weight: 400;\">Maria Helena remains actively involved in the company, while her daughter, Carolina Senna, a psychologist and educator with over 30 years of experience\u2014leads the agency with the same dedication to education and personalized service. Our team meticulously attends to every detail, from selecting the right institutions to designing cultural itineraries, ensuring that every experience is enriching, safe, and enjoyable.<\/p><p style=\"font-weight: 400;\">Most of our clients come to us through referrals, a testament to the trust and satisfaction of those who have journeyed with us. At Link Viagens Culturais, we believe that travel is much more than visiting new places\u2014it\u2019s an opportunity for learning, growth, and discovery.<\/p>\t\t\t\t\t\t\t\t<\/div>\n\t\t\t\t<\/div>\n\t\t\t\t\t<\/div>\n\t\t\t\t<\/div>\n\t\t\t\t<\/div>","protected":false},"excerpt":{"rendered":"<p>Link Viagens Culturais:Uma Ag\u00eancia Boutique Familiar com Base Educacional Fundada em 1987 por Maria Helena Senna, educadora e professora de ingl\u00eas, a Link Viagens Culturais come\u00e7ou organizando viagens em grupo acompanhadas para estudar ingl\u00eas na Inglaterra. Hoje, Maria Helena permanece ativa, enquanto sua filha, Carolina Senna, psic\u00f3loga e educadora com mais de 30 anos de [&hellip;]<\/p>\n","protected":false},"author":1,"featured_media":0,"parent":0,"menu_order":0,"comment_status":"closed","ping_status":"closed","template":"","meta":{"iawp_total_views":192,"footnotes":""},"class_list":["post-837","page","type-page","status-publish","hentry"],"yoast_head":"<!-- This site is optimized with the Yoast SEO plugin v27.2 - https:\/\/yoast.com\/product\/yoast-seo-wordpress\/ -->\n<title>Sobre - Link<\/title>\n<meta name=\"robots\" content=\"index, follow, max-snippet:-1, max-image-preview:large, max-video-preview:-1\" \/>\n<link rel=\"canonical\" href=\"https:\/\/linkviagensculturais.com.br\/en\/sobre\/\" \/>\n<meta property=\"og:locale\" content=\"en_US\" \/>\n<meta property=\"og:type\" content=\"article\" \/>\n<meta property=\"og:title\" content=\"Sobre - Link\" \/>\n<meta property=\"og:description\" content=\"Link Viagens Culturais:Uma Ag\u00eancia Boutique Familiar com Base Educacional Fundada em 1987 por Maria Helena Senna, educadora e professora de ingl\u00eas, a Link Viagens Culturais come\u00e7ou organizando viagens em grupo acompanhadas para estudar ingl\u00eas na Inglaterra. Hoje, Maria Helena permanece ativa, enquanto sua filha, Carolina Senna, psic\u00f3loga e educadora com mais de 30 anos de [&hellip;]\" \/>\n<meta property=\"og:url\" content=\"https:\/\/linkviagensculturais.com.br\/en\/sobre\/\" \/>\n<meta property=\"og:site_name\" content=\"Link\" \/>\n<meta property=\"article:publisher\" content=\"https:\/\/www.facebook.com\/viagensculturaislink\" \/>\n<meta property=\"article:modified_time\" content=\"2025-02-17T19:28:56+00:00\" \/>\n<meta property=\"og:image\" content=\"https:\/\/linkviagensculturais.com.br\/wp-content\/uploads\/2025\/01\/equipe.png\" \/>\n\t<meta property=\"og:image:width\" content=\"800\" \/>\n\t<meta property=\"og:image:height\" content=\"715\" \/>\n\t<meta property=\"og:image:type\" content=\"image\/png\" \/>\n<meta name=\"twitter:card\" content=\"summary_large_image\" \/>\n<meta name=\"twitter:label1\" content=\"Est. reading time\" \/>\n\t<meta name=\"twitter:data1\" content=\"1 minute\" \/>\n<script type=\"application\/ld+json\" class=\"yoast-schema-graph\">{\"@context\":\"https:\/\/schema.org\",\"@graph\":[{\"@type\":\"WebPage\",\"@id\":\"https:\/\/linkviagensculturais.com.br\/sobre\/\",\"url\":\"https:\/\/linkviagensculturais.com.br\/sobre\/\",\"name\":\"Sobre - Link\",\"isPartOf\":{\"@id\":\"https:\/\/linkviagensculturais.com.br\/#website\"},\"primaryImageOfPage\":{\"@id\":\"https:\/\/linkviagensculturais.com.br\/sobre\/#primaryimage\"},\"image\":{\"@id\":\"https:\/\/linkviagensculturais.com.br\/sobre\/#primaryimage\"},\"thumbnailUrl\":\"https:\/\/linkviagensculturais.com.br\/wp-content\/uploads\/2025\/01\/equipe.png\",\"datePublished\":\"2025-01-24T18:17:18+00:00\",\"dateModified\":\"2025-02-17T19:28:56+00:00\",\"breadcrumb\":{\"@id\":\"https:\/\/linkviagensculturais.com.br\/sobre\/#breadcrumb\"},\"inLanguage\":\"en-US\",\"potentialAction\":[{\"@type\":\"ReadAction\",\"target\":[\"https:\/\/linkviagensculturais.com.br\/sobre\/\"]}]},{\"@type\":\"ImageObject\",\"inLanguage\":\"en-US\",\"@id\":\"https:\/\/linkviagensculturais.com.br\/sobre\/#primaryimage\",\"url\":\"https:\/\/linkviagensculturais.com.br\/wp-content\/uploads\/2025\/01\/equipe.png\",\"contentUrl\":\"https:\/\/linkviagensculturais.com.br\/wp-content\/uploads\/2025\/01\/equipe.png\"},{\"@type\":\"BreadcrumbList\",\"@id\":\"https:\/\/linkviagensculturais.com.br\/sobre\/#breadcrumb\",\"itemListElement\":[{\"@type\":\"ListItem\",\"position\":1,\"name\":\"In\u00edcio\",\"item\":\"https:\/\/linkviagensculturais.com.br\/\"},{\"@type\":\"ListItem\",\"position\":2,\"name\":\"Sobre\"}]},{\"@type\":\"WebSite\",\"@id\":\"https:\/\/linkviagensculturais.com.br\/#website\",\"url\":\"https:\/\/linkviagensculturais.com.br\/\",\"name\":\"Link VIagens Culturais\",\"description\":\"VIagens Culturais\",\"publisher\":{\"@id\":\"https:\/\/linkviagensculturais.com.br\/#organization\"},\"potentialAction\":[{\"@type\":\"SearchAction\",\"target\":{\"@type\":\"EntryPoint\",\"urlTemplate\":\"https:\/\/linkviagensculturais.com.br\/?s={search_term_string}\"},\"query-input\":{\"@type\":\"PropertyValueSpecification\",\"valueRequired\":true,\"valueName\":\"search_term_string\"}}],\"inLanguage\":\"en-US\"},{\"@type\":\"Organization\",\"@id\":\"https:\/\/linkviagensculturais.com.br\/#organization\",\"name\":\"Link Viagens Culturais\",\"url\":\"https:\/\/linkviagensculturais.com.br\/\",\"logo\":{\"@type\":\"ImageObject\",\"inLanguage\":\"en-US\",\"@id\":\"https:\/\/linkviagensculturais.com.br\/#\/schema\/logo\/image\/\",\"url\":\"https:\/\/linkviagensculturais.com.br\/wp-content\/uploads\/2025\/01\/link-logo-azul-horizontal.png\",\"contentUrl\":\"https:\/\/linkviagensculturais.com.br\/wp-content\/uploads\/2025\/01\/link-logo-azul-horizontal.png\",\"width\":800,\"height\":357,\"caption\":\"Link Viagens Culturais\"},\"image\":{\"@id\":\"https:\/\/linkviagensculturais.com.br\/#\/schema\/logo\/image\/\"},\"sameAs\":[\"https:\/\/www.facebook.com\/viagensculturaislink\",\"https:\/\/www.instagram.com\/linkviagensculturais\/\"]}]}<\/script>\n<!-- \/ Yoast SEO plugin. -->","yoast_head_json":{"title":"Sobre - Link","robots":{"index":"index","follow":"follow","max-snippet":"max-snippet:-1","max-image-preview":"max-image-preview:large","max-video-preview":"max-video-preview:-1"},"canonical":"https:\/\/linkviagensculturais.com.br\/en\/sobre\/","og_locale":"en_US","og_type":"article","og_title":"Sobre - Link","og_description":"Link Viagens Culturais:Uma Ag\u00eancia Boutique Familiar com Base Educacional Fundada em 1987 por Maria Helena Senna, educadora e professora de ingl\u00eas, a Link Viagens Culturais come\u00e7ou organizando viagens em grupo acompanhadas para estudar ingl\u00eas na Inglaterra. Hoje, Maria Helena permanece ativa, enquanto sua filha, Carolina Senna, psic\u00f3loga e educadora com mais de 30 anos de [&hellip;]","og_url":"https:\/\/linkviagensculturais.com.br\/en\/sobre\/","og_site_name":"Link","article_publisher":"https:\/\/www.facebook.com\/viagensculturaislink","article_modified_time":"2025-02-17T19:28:56+00:00","og_image":[{"width":800,"height":715,"url":"https:\/\/linkviagensculturais.com.br\/wp-content\/uploads\/2025\/01\/equipe.png","type":"image\/png"}],"twitter_card":"summary_large_image","twitter_misc":{"Est. reading time":"1 minute"},"schema":{"@context":"https:\/\/schema.org","@graph":[{"@type":"WebPage","@id":"https:\/\/linkviagensculturais.com.br\/sobre\/","url":"https:\/\/linkviagensculturais.com.br\/sobre\/","name":"Sobre - Link","isPartOf":{"@id":"https:\/\/linkviagensculturais.com.br\/#website"},"primaryImageOfPage":{"@id":"https:\/\/linkviagensculturais.com.br\/sobre\/#primaryimage"},"image":{"@id":"https:\/\/linkviagensculturais.com.br\/sobre\/#primaryimage"},"thumbnailUrl":"https:\/\/linkviagensculturais.com.br\/wp-content\/uploads\/2025\/01\/equipe.png","datePublished":"2025-01-24T18:17:18+00:00","dateModified":"2025-02-17T19:28:56+00:00","breadcrumb":{"@id":"https:\/\/linkviagensculturais.com.br\/sobre\/#breadcrumb"},"inLanguage":"en-US","potentialAction":[{"@type":"ReadAction","target":["https:\/\/linkviagensculturais.com.br\/sobre\/"]}]},{"@type":"ImageObject","inLanguage":"en-US","@id":"https:\/\/linkviagensculturais.com.br\/sobre\/#primaryimage","url":"https:\/\/linkviagensculturais.com.br\/wp-content\/uploads\/2025\/01\/equipe.png","contentUrl":"https:\/\/linkviagensculturais.com.br\/wp-content\/uploads\/2025\/01\/equipe.png"},{"@type":"BreadcrumbList","@id":"https:\/\/linkviagensculturais.com.br\/sobre\/#breadcrumb","itemListElement":[{"@type":"ListItem","position":1,"name":"In\u00edcio","item":"https:\/\/linkviagensculturais.com.br\/"},{"@type":"ListItem","position":2,"name":"Sobre"}]},{"@type":"WebSite","@id":"https:\/\/linkviagensculturais.com.br\/#website","url":"https:\/\/linkviagensculturais.com.br\/","name":"Link VIagens Culturais","description":"VIagens Culturais","publisher":{"@id":"https:\/\/linkviagensculturais.com.br\/#organization"},"potentialAction":[{"@type":"SearchAction","target":{"@type":"EntryPoint","urlTemplate":"https:\/\/linkviagensculturais.com.br\/?s={search_term_string}"},"query-input":{"@type":"PropertyValueSpecification","valueRequired":true,"valueName":"search_term_string"}}],"inLanguage":"en-US"},{"@type":"Organization","@id":"https:\/\/linkviagensculturais.com.br\/#organization","name":"Link Viagens Culturais","url":"https:\/\/linkviagensculturais.com.br\/","logo":{"@type":"ImageObject","inLanguage":"en-US","@id":"https:\/\/linkviagensculturais.com.br\/#\/schema\/logo\/image\/","url":"https:\/\/linkviagensculturais.com.br\/wp-content\/uploads\/2025\/01\/link-logo-azul-horizontal.png","contentUrl":"https:\/\/linkviagensculturais.com.br\/wp-content\/uploads\/2025\/01\/link-logo-azul-horizontal.png","width":800,"height":357,"caption":"Link Viagens Culturais"},"image":{"@id":"https:\/\/linkviagensculturais.com.br\/#\/schema\/logo\/image\/"},"sameAs":["https:\/\/www.facebook.com\/viagensculturaislink","https:\/\/www.instagram.com\/linkviagensculturais\/"]}]}},"_links":{"self":[{"href":"https:\/\/linkviagensculturais.com.br\/en\/wp-json\/wp\/v2\/pages\/837","targetHints":{"allow":["GET"]}}],"collection":[{"href":"https:\/\/linkviagensculturais.com.br\/en\/wp-json\/wp\/v2\/pages"}],"about":[{"href":"https:\/\/linkviagensculturais.com.br\/en\/wp-json\/wp\/v2\/types\/page"}],"author":[{"embeddable":true,"href":"https:\/\/linkviagensculturais.com.br\/en\/wp-json\/wp\/v2\/users\/1"}],"replies":[{"embeddable":true,"href":"https:\/\/linkviagensculturais.com.br\/en\/wp-json\/wp\/v2\/comments?post=837"}],"version-history":[{"count":61,"href":"https:\/\/linkviagensculturais.com.br\/en\/wp-json\/wp\/v2\/pages\/837\/revisions"}],"predecessor-version":[{"id":1269,"href":"https:\/\/linkviagensculturais.com.br\/en\/wp-json\/wp\/v2\/pages\/837\/revisions\/1269"}],"wp:attachment":[{"href":"https:\/\/linkviagensculturais.com.br\/en\/wp-json\/wp\/v2\/media?parent=837"}],"curies":[{"name":"wp","href":"https:\/\/api.w.org\/{rel}","templated":true}]}}